{"id":5439,"date":"2025-09-15T23:43:37","date_gmt":"2025-09-15T23:43:37","guid":{"rendered":"https:\/\/thomaybomhcm.com\/?page_id=5439"},"modified":"2025-11-01T22:02:05","modified_gmt":"2025-11-01T22:02:05","slug":"sua-ong-nuoc","status":"publish","type":"page","link":"https:\/\/thomaybomhcm.com\/?page_id=5439","title":{"rendered":"s\u1eeda \u1ed1ng n\u01b0\u1edbc"},"content":{"rendered":"<a class=\"button primary\"  style=\"border-radius:10px;\">\n    <span>Click me!<\/span>\n  <\/a>\n\n<div class=\"row\"  id=\"row-959909730\">\n\n\t<div id=\"col-1475685386\" class=\"col small-12 large-12\"  >\n\t\t\t\t<div class=\"col-inner\"  >\n\t\t\t\n\t\t\t\n<h1 style=\"text-align: left;\"><span style=\"color: #000000;\">Th\u1ee3 s\u1eeda \u1ed1ng n\u01b0\u1edbc\u00a0<\/span><\/h1>\n<p style=\"text-align: left;\"><span style=\"color: #3366ff;\"><em>\u00a0<\/em><\/span><a href=\"https:\/\/thomaybomhcm.com\/?page_id=5439\"><span style=\"color: #3366ff;\"><em>s\u1eeda \u1ed1ng n\u01b0\u1edbc<\/em><\/span><\/a><\/p>\n<p style=\"text-align: justify;\">\u00a0<\/p>\n\t\t<\/div>\n\t\t\t\t\t<\/div>\n\n\t\n<\/div>\n<div class=\"row\"  id=\"row-696487362\">\n\n\t<div id=\"col-1848948241\" class=\"col medium-6 small-12 large-6\"  >\n\t\t\t\t<div class=\"col-inner\"  >\n\t\t\t\n\t\t\t\n\t<div class=\"img has-hover x md-x lg-x y md-y lg-y\" id=\"image_1610289871\">\n\t\t\t\t\t\t\t\t<div class=\"img-inner image-cover dark\" style=\"padding-top:50%;\">\n\t\t\t<img loading=\"lazy\" decoding=\"async\" width=\"550\" height=\"400\" src=\"https:\/\/thomaybomhcm.com\/wp-content\/uploads\/2024\/05\/Dich-vu-sua-chua-dien-nuoc-Ha-Noi-4.jpg\" class=\"attachment-large size-large\" alt=\"D\u1ecbch v\u1ee5 s\u1eeda ch\u1eefa \u0111i\u1ec7n n\u01b0\u1edbc H\u00e0 N\u1ed9i\" srcset=\"https:\/\/thomaybomhcm.com\/wp-content\/uploads\/2024\/05\/Dich-vu-sua-chua-dien-nuoc-Ha-Noi-4.jpg 550w, https:\/\/thomaybomhcm.com\/wp-content\/uploads\/2024\/05\/Dich-vu-sua-chua-dien-nuoc-Ha-Noi-4-300x218.jpg 300w\" sizes=\"auto, (max-width: 550px) 100vw, 550px\" title=\"\">\t\t\t\t\t\t\n\t\t\t\t\t<\/div>\n\t\t\t\t\t\t\t\t\n<style>\n#image_1610289871 {\n  width: 100%;\n}\n<\/style>\n\t<\/div>\n\t\n\t\t<\/div>\n\t\t\t\t\t<\/div>\n\n\t\n\n\t<div id=\"col-1458208426\" class=\"col medium-6 small-12 large-6\"  >\n\t\t\t\t<div class=\"col-inner\"  >\n\t\t\t\n\t\t\t\n\t<div class=\"img has-hover x md-x lg-x y md-y lg-y\" id=\"image_758797592\">\n\t\t\t\t\t\t\t\t<div class=\"img-inner image-cover dark\" style=\"padding-top:50%;\">\n\t\t\t<img loading=\"lazy\" decoding=\"async\" width=\"1000\" height=\"670\" src=\"https:\/\/thomaybomhcm.com\/wp-content\/uploads\/2024\/05\/Dich-vu-sua-chua-dien-nuoc-Ha-Noi-5.jpg\" class=\"attachment-large size-large\" alt=\"D\u1ecbch v\u1ee5 th\u00f4ng t\u1eafc b\u1ed3n r\u1eeda gi\u00e1 r\u1ebb - Hotline: 0906.379.340\" srcset=\"https:\/\/thomaybomhcm.com\/wp-content\/uploads\/2024\/05\/Dich-vu-sua-chua-dien-nuoc-Ha-Noi-5.jpg 1000w, https:\/\/thomaybomhcm.com\/wp-content\/uploads\/2024\/05\/Dich-vu-sua-chua-dien-nuoc-Ha-Noi-5-300x201.jpg 300w, https:\/\/thomaybomhcm.com\/wp-content\/uploads\/2024\/05\/Dich-vu-sua-chua-dien-nuoc-Ha-Noi-5-768x515.jpg 768w\" sizes=\"auto, (max-width: 1000px) 100vw, 1000px\" title=\"\">\t\t\t\t\t\t\n\t\t\t\t\t<\/div>\n\t\t\t\t\t\t\t\t\n<style>\n#image_758797592 {\n  width: 100%;\n}\n<\/style>\n\t<\/div>\n\t\n\t\t<\/div>\n\t\t\t\t\t<\/div>\n\n\t\n<\/div>\n<div class=\"row\"  id=\"row-1096807765\">\n\n\t<div id=\"col-191457050\" class=\"col medium-4 small-12 large-4\"  >\n\t\t\t\t<div class=\"col-inner\"  >\n\t\t\t\n\t\t\t\n\t<div class=\"img has-hover x md-x lg-x y md-y lg-y\" id=\"image_680618990\">\n\t\t\t\t\t\t\t\t<div class=\"img-inner image-cover dark\" style=\"padding-top:50%;\">\n\t\t\t<img loading=\"lazy\" decoding=\"async\" width=\"266\" height=\"190\" src=\"https:\/\/thomaybomhcm.com\/wp-content\/uploads\/2024\/12\/tai-xuong-3.jpg\" class=\"attachment-large size-large\" alt=\"\" title=\"\">\t\t\t\t\t\t\n\t\t\t\t\t<\/div>\n\t\t\t\t\t\t\t\t\n<style>\n#image_680618990 {\n  width: 100%;\n}\n<\/style>\n\t<\/div>\n\t\n\t\t<\/div>\n\t\t\t\t\t<\/div>\n\n\t\n\n\t<div id=\"col-2017736298\" class=\"col medium-4 small-12 large-4\"  >\n\t\t\t\t<div class=\"col-inner\"  >\n\t\t\t\n\t\t\t\n\t<div class=\"img has-hover x md-x lg-x y md-y lg-y\" id=\"image_2083881705\">\n\t\t\t\t\t\t\t\t<div class=\"img-inner image-cover dark\" style=\"padding-top:50%;\">\n\t\t\t<img loading=\"lazy\" decoding=\"async\" width=\"1020\" height=\"680\" src=\"https:\/\/thomaybomhcm.com\/wp-content\/uploads\/2024\/05\/dich-vu-sua-chua-dien-nuoc-Ha-Noi-1-1024x683.jpg\" class=\"attachment-large size-large\" alt=\"\" srcset=\"https:\/\/thomaybomhcm.com\/wp-content\/uploads\/2024\/05\/dich-vu-sua-chua-dien-nuoc-Ha-Noi-1-1024x683.jpg 1024w, https:\/\/thomaybomhcm.com\/wp-content\/uploads\/2024\/05\/dich-vu-sua-chua-dien-nuoc-Ha-Noi-1-300x200.jpg 300w, https:\/\/thomaybomhcm.com\/wp-content\/uploads\/2024\/05\/dich-vu-sua-chua-dien-nuoc-Ha-Noi-1-768x512.jpg 768w, https:\/\/thomaybomhcm.com\/wp-content\/uploads\/2024\/05\/dich-vu-sua-chua-dien-nuoc-Ha-Noi-1.jpg 1500w\" sizes=\"auto, (max-width: 1020px) 100vw, 1020px\" title=\"\">\t\t\t\t\t\t\n\t\t\t\t\t<\/div>\n\t\t\t\t\t\t\t\t\n<style>\n#image_2083881705 {\n  width: 100%;\n}\n<\/style>\n\t<\/div>\n\t\n\t\t<\/div>\n\t\t\t\t\t<\/div>\n\n\t\n\n\t<div id=\"col-2021551169\" class=\"col medium-4 small-12 large-4\"  >\n\t\t\t\t<div class=\"col-inner\"  >\n\t\t\t\n\t\t\t\n\t<div class=\"img has-hover x md-x lg-x y md-y lg-y\" id=\"image_569383453\">\n\t\t\t\t\t\t\t\t<div class=\"img-inner image-cover dark\" style=\"padding-top:50%;\">\n\t\t\t<img loading=\"lazy\" decoding=\"async\" width=\"1020\" height=\"574\" src=\"https:\/\/thomaybomhcm.com\/wp-content\/uploads\/2024\/05\/Dich-vu-xu-ly-mui-hoi-nha-ve-sinh-Tho-sua-chua-Ha-Noi-1-1024x576.jpg\" class=\"attachment-large size-large\" alt=\"D\u1ecbch v\u1ee5 x\u1eed l\u00fd m\u00f9i h\u00f4i nh\u00e0 v\u1ec7 sinh Th\u1ee3 s\u1eeda ch\u1eefa H\u00e0 N\u1ed9i\" srcset=\"https:\/\/thomaybomhcm.com\/wp-content\/uploads\/2024\/05\/Dich-vu-xu-ly-mui-hoi-nha-ve-sinh-Tho-sua-chua-Ha-Noi-1-1024x576.jpg 1024w, https:\/\/thomaybomhcm.com\/wp-content\/uploads\/2024\/05\/Dich-vu-xu-ly-mui-hoi-nha-ve-sinh-Tho-sua-chua-Ha-Noi-1-300x169.jpg 300w, https:\/\/thomaybomhcm.com\/wp-content\/uploads\/2024\/05\/Dich-vu-xu-ly-mui-hoi-nha-ve-sinh-Tho-sua-chua-Ha-Noi-1-768x432.jpg 768w, https:\/\/thomaybomhcm.com\/wp-content\/uploads\/2024\/05\/Dich-vu-xu-ly-mui-hoi-nha-ve-sinh-Tho-sua-chua-Ha-Noi-1.jpg 1080w\" sizes=\"auto, (max-width: 1020px) 100vw, 1020px\" title=\"\">\t\t\t\t\t\t\n\t\t\t\t\t<\/div>\n\t\t\t\t\t\t\t\t\n<style>\n#image_569383453 {\n  width: 100%;\n}\n<\/style>\n\t<\/div>\n\t\n\t\t<\/div>\n\t\t\t\t\t<\/div>\n\n\t\n<\/div>\n<div class=\"row\"  id=\"row-697297761\">\n\n\t<div id=\"col-846155956\" class=\"col medium-4 small-12 large-4\"  >\n\t\t\t\t<div class=\"col-inner\"  >\n\t\t\t\n\t\t\t\n\t<div class=\"img has-hover x md-x lg-x y md-y lg-y\" id=\"image_117908544\">\n\t\t\t\t\t\t\t\t<div class=\"img-inner image-cover dark\" style=\"padding-top:50%;\">\n\t\t\t<img loading=\"lazy\" decoding=\"async\" width=\"676\" height=\"255\" src=\"https:\/\/thomaybomhcm.com\/wp-content\/uploads\/2024\/12\/paner-e1757548654965.png\" class=\"attachment-large size-large\" alt=\"\" title=\"\">\t\t\t\t\t\t\n\t\t\t\t\t<\/div>\n\t\t\t\t\t\t\t\t\n<style>\n#image_117908544 {\n  width: 100%;\n}\n<\/style>\n\t<\/div>\n\t\n\t\t<\/div>\n\t\t\t\t\t<\/div>\n\n\t\n\n\t<div id=\"col-2019064774\" class=\"col medium-4 small-12 large-4\"  >\n\t\t\t\t<div class=\"col-inner\"  >\n\t\t\t\n\t\t\t\n\t<div class=\"img has-hover x md-x lg-x y md-y lg-y\" id=\"image_1879289938\">\n\t\t\t\t\t\t\t\t<div class=\"img-inner image-cover dark\" style=\"padding-top:50%;\">\n\t\t\t<img loading=\"lazy\" decoding=\"async\" width=\"304\" height=\"166\" src=\"https:\/\/thomaybomhcm.com\/wp-content\/uploads\/2025\/08\/images-1.jpg\" class=\"attachment-large size-large\" alt=\"\" title=\"\">\t\t\t\t\t\t\n\t\t\t\t\t<\/div>\n\t\t\t\t\t\t\t\t\n<style>\n#image_1879289938 {\n  width: 100%;\n}\n<\/style>\n\t<\/div>\n\t\n\t\t<\/div>\n\t\t\t\t\t<\/div>\n\n\t\n\n\t<div id=\"col-455010730\" class=\"col medium-4 small-12 large-4\"  >\n\t\t\t\t<div class=\"col-inner\"  >\n\t\t\t\n\t\t\t\n\t<div class=\"img has-hover x md-x lg-x y md-y lg-y\" id=\"image_279190599\">\n\t\t\t\t\t\t\t\t<div class=\"img-inner image-cover dark\" style=\"padding-top:50%;\">\n\t\t\t<img loading=\"lazy\" decoding=\"async\" width=\"1020\" height=\"765\" src=\"https:\/\/thomaybomhcm.com\/wp-content\/uploads\/2024\/05\/DIch-vu-sua-bon-cau-uy-tin-Ha-Noi.jpg\" class=\"attachment-large size-large\" alt=\"D\u1ecbch v\u1ee5 s\u1eeda b\u1ed3n c\u1ea7u uy t\u00edn H\u00e0 N\u1ed9i\" srcset=\"https:\/\/thomaybomhcm.com\/wp-content\/uploads\/2024\/05\/DIch-vu-sua-bon-cau-uy-tin-Ha-Noi.jpg 1024w, https:\/\/thomaybomhcm.com\/wp-content\/uploads\/2024\/05\/DIch-vu-sua-bon-cau-uy-tin-Ha-Noi-300x225.jpg 300w, https:\/\/thomaybomhcm.com\/wp-content\/uploads\/2024\/05\/DIch-vu-sua-bon-cau-uy-tin-Ha-Noi-768x576.jpg 768w\" sizes=\"auto, (max-width: 1020px) 100vw, 1020px\" title=\"\">\t\t\t\t\t\t\n\t\t\t\t\t<\/div>\n\t\t\t\t\t\t\t\t\n<style>\n#image_279190599 {\n  width: 100%;\n}\n<\/style>\n\t<\/div>\n\t\n\t<div class=\"img has-hover x md-x lg-x y md-y lg-y\" id=\"image_294923081\">\n\t\t\t\t\t\t\t\t<div class=\"img-inner dark\" >\n\t\t\t\t\t\t\t\t\t\n\t\t\t\t\t<\/div>\n\t\t\t\t\t\t\t\t\n<style>\n#image_294923081 {\n  width: 100%;\n}\n<\/style>\n\t<\/div>\n\t\n\t\t<\/div>\n\t\t\t\t\t<\/div>\n\n\t\n<\/div>\n<div class=\"row\"  id=\"row-1855449666\">\n\n\t<div id=\"col-1535068979\" class=\"col medium-6 small-12 large-6\"  >\n\t\t\t\t<div class=\"col-inner\"  >\n\t\t\t\n\t\t\t\n\t\t<\/div>\n\t\t\t\t\t<\/div>\n\n\t\n\n\t<div id=\"col-1381970952\" class=\"col medium-6 small-12 large-6\"  >\n\t\t\t\t<div class=\"col-inner\"  >\n\t\t\t\n\t\t\t\n\t\t<\/div>\n\t\t\t\t\t<\/div>\n\n\t\n<\/div>\n<div class=\"row\"  id=\"row-1294639248\">\n\n\t<div id=\"col-412134226\" class=\"col medium-6 small-12 large-6\"  >\n\t\t\t\t<div class=\"col-inner\"  >\n\t\t\t\n\t\t\t\n\t\t<\/div>\n\t\t\t\t\t<\/div>\n\n\t\n\n\t<div id=\"col-1114750285\" class=\"col medium-6 small-12 large-6\"  >\n\t\t\t\t<div class=\"col-inner\"  >\n\t\t\t\n\t\t\t\n\t\t<\/div>\n\t\t\t\t\t<\/div>\n\n\t\n<\/div>\n<div class=\"row\"  id=\"row-1385746974\">\n\n\t<div id=\"col-791480929\" class=\"col medium-6 small-12 large-6\"  >\n\t\t\t\t<div class=\"col-inner\"  >\n\t\t\t\n\t\t\t\n\t\t<\/div>\n\t\t\t\t\t<\/div>\n\n\t\n\n\t<div id=\"col-385727071\" class=\"col medium-6 small-12 large-6\"  >\n\t\t\t\t<div class=\"col-inner\"  >\n\t\t\t\n\t\t\t\n\t\t<\/div>\n\t\t\t\t\t<\/div>\n\n\t\n<\/div>\n","protected":false},"excerpt":{"rendered":"","protected":false},"author":1,"featured_media":0,"parent":0,"menu_order":0,"comment_status":"closed","ping_status":"closed","template":"","meta":{"footnotes":""},"class_list":["post-5439","page","type-page","status-publish","hentry"],"_links":{"self":[{"href":"https:\/\/thomaybomhcm.com\/index.php?rest_route=\/wp\/v2\/pages\/5439","targetHints":{"allow":["GET"]}}],"collection":[{"href":"https:\/\/thomaybomhcm.com\/index.php?rest_route=\/wp\/v2\/pages"}],"about":[{"href":"https:\/\/thomaybomhcm.com\/index.php?rest_route=\/wp\/v2\/types\/page"}],"author":[{"embeddable":true,"href":"https:\/\/thomaybomhcm.com\/index.php?rest_route=\/wp\/v2\/users\/1"}],"replies":[{"embeddable":true,"href":"https:\/\/thomaybomhcm.com\/index.php?rest_route=%2Fwp%2Fv2%2Fcomments&post=5439"}],"version-history":[{"count":28,"href":"https:\/\/thomaybomhcm.com\/index.php?rest_route=\/wp\/v2\/pages\/5439\/revisions"}],"predecessor-version":[{"id":6272,"href":"https:\/\/thomaybomhcm.com\/index.php?rest_route=\/wp\/v2\/pages\/5439\/revisions\/6272"}],"wp:attachment":[{"href":"https:\/\/thomaybomhcm.com\/index.php?rest_route=%2Fwp%2Fv2%2Fmedia&parent=5439"}],"curies":[{"name":"wp","href":"https:\/\/api.w.org\/{rel}","templated":true}]}}