{"id":5437,"date":"2025-09-15T23:43:37","date_gmt":"2025-09-15T23:43:37","guid":{"rendered":"https:\/\/thomaybomhcm.com\/?page_id=5437"},"modified":"2025-09-27T23:50:55","modified_gmt":"2025-09-27T23:50:55","slug":"khoan-gieng","status":"publish","type":"page","link":"https:\/\/thomaybomhcm.com\/?page_id=5437","title":{"rendered":"khoan gi\u1ebfng"},"content":{"rendered":"<div class=\"row\"  id=\"row-1612198389\">\n\n\t<div id=\"col-419329664\" class=\"col small-12 large-12\"  >\n\t\t\t\t<div class=\"col-inner\"  >\n\t\t\t\n\t\t\t\n<h1 style=\"text-align: left;\"><span style=\"color: #000000; font-size: 80%;\">Th\u1ee3 <\/span><span style=\"color: #000000; font-size: 20.736px;\">\u00a0<\/span><span style=\"color: #000000; font-size: 80%;\">s\u1eeda gi\u1ebfng\u00a0<\/span><span style=\"color: #000000; font-size: 20.736px;\">khoan<\/span><span style=\"color: #000000; font-size: 80%;\">\u00a0t\u1ea1i nh\u00e0 HCM<\/span><\/h1>\n<p style=\"padding-left: 40px;\"><span style=\"color: #000000;\"><strong><span style=\"font-size: 110%;\">Gi\u1edbi thi\u1ec7u v\u1ec1 ch\u00fang t\u00f4i : <span style=\"font-size: 75%;\"><a style=\"color: #000000;\" href=\"http:\/\/thomaybomhcm.com\">http:\/\/thomaybomhcm.com<\/a>\u00a0<\/span><\/span><\/strong><\/span><\/p>\n<p><img loading=\"lazy\" decoding=\"async\" class=\"wp-image-6243 aligncenter\" src=\"https:\/\/thomaybomhcm.com\/wp-content\/uploads\/2025\/10\/Noi-dung-doan-van-ban-cua-ban-2-711x400.png\" alt=\"\" width=\"447\" height=\"252\" title=\"\"><\/p>\n<p class=\"elementor-heading-title elementor-size-default\" style=\"text-align: justify; padding-left: 40px;\"><span style=\"color: #000000;\">Ho\u00e0ng Long l\u00e0 th\u1ee3 s\u1eeda gi\u1ebfng khoan t\u1ea1i nh\u00e0 tr\u00ean \u0111\u1ecba b\u00e0n th\u00e0nh ph\u1ed1 H\u1ed3 Ch\u00ed Minh c\u00f3 tr\u00ean 30 n\u0103m kinh nghi\u1ec7m v\u1ec1 l\u0129nh v\u1ef1c \u0111i\u1ec7n n\u01b0\u1edbc \u2013 m\u00e1y b\u01a1m v\u00e0 gi\u1ebfng khoan c\u00f3 li\u00ean k\u1ebft nhi\u1ec1u th\u1ee3 gi\u1ecfi c\u00f3 n\u0103ng l\u1ef1c kinh nghi\u1ec7m \u0111\u1ec3 thi c\u00f4ng c\u00e1c c\u00f4ng tr\u00ecnh \u0111i\u1ec7n n\u01b0\u1edbc gi\u1ebfng khoan kh\u1ed1i l\u01b0\u1ee3ng l\u1edbn .T\u1ea1i c\u00e1c ph\u01b0\u1eddng x\u00e3 tr\u00ean Th\u00e0nh ph\u1ed1 H\u1ed3 ch\u00ed Minh v\u00e0 t\u1ec9nh th\u00e0nh l\u00e2n c\u1eadn &#8211; Nh\u1eadn t\u01b0 v\u1ea5n thi c\u00f4ng c\u00e1c c\u00f4ng tr\u00ecnh s\u1eeda gi\u1ebfng -khoan gi\u1ebfng qui m\u00f4 \u0111a d\u1ea1ng . \u01afu \u0111i\u1ec3m : Nhi\u1ec1u th\u1ee3 ch\u00ednh gi\u00e0u kinh nghi\u1ec7m \u0111\u01b0\u1ee3c tuy\u1ec3n ch\u1ecdn k\u1ef9 c\u00f3 t\u00e1c phong &#8211; k\u1ef9 thu\u1eadt cao \u2013 t\u1eadn t\u00ecnh \u2013 Chu \u0110\u00e1o \u2013 Trung Th\u1ef1c &#8211; ch\u1ea5t l\u01b0\u1ee3ng &#8211; D\u1ecbch v\u1ee5 ch\u00fang t\u00f4i\u00a0 lu\u00f4n \u0111\u1ee9ng \u0111\u1ea7u b\u1ea3ng v\u1edbi ti\u00eau ch\u00ed : quy\u1ec1n l\u1ee3i kh\u00e1ch h\u00e0ng tr\u00ean h\u1ebft . C\u00e1c danh m\u1ee5c t\u00e1c nghi\u1ec7p : T\u01b0 v\u1ea5n khoan gi\u1ebfng Nh\u1eadn s\u1eeda gi\u1ebfng khoan b\u1ecb l\u1ed7i ( \u0111\u1eb7c bi\u1ec7t gi\u1ebfng khoan l\u00ean c\u00e1t )<\/span><\/p>\n\t\t<\/div>\n\t\t\t\t\t<\/div>\n\n\t\n<\/div>\n<div class=\"row\"  id=\"row-589838559\">\n\n\t<div id=\"col-2063892460\" class=\"col medium-4 small-12 large-4\"  >\n\t\t\t\t<div class=\"col-inner\"  >\n\t\t\t\n\t\t\t\n<div class=\"video video-fit mb\" style=\"padding-top:50%;\"><p><iframe loading=\"lazy\" title=\"s\u1eeda gi\u1ebfng khoan c\u00f4ng nghi\u1ec7p\" width=\"563\" height=\"1000\" src=\"https:\/\/www.youtube.com\/embed\/Pv_Mq2Me66g?feature=oembed\" frameborder=\"0\" allow=\"accelerometer; autoplay; clipboard-write; encrypted-media; gyroscope; picture-in-picture; web-share\" referrerpolicy=\"strict-origin-when-cross-origin\" allowfullscreen><\/iframe><\/p>\n<\/div>\n\t\t<\/div>\n\t\t\t\t\t<\/div>\n\n\t\n\n\t<div id=\"col-1754681788\" class=\"col medium-4 small-12 large-4\"  >\n\t\t\t\t<div class=\"col-inner\"  >\n\t\t\t\n\t\t\t\n\t<div class=\"img has-hover x md-x lg-x y md-y lg-y\" id=\"image_1562651983\">\n\t\t\t\t\t\t\t\t<div class=\"img-inner image-cover dark\" style=\"padding-top:50%;\">\n\t\t\t<img loading=\"lazy\" decoding=\"async\" width=\"1020\" height=\"573\" src=\"https:\/\/thomaybomhcm.com\/wp-content\/uploads\/2025\/08\/3.png\" class=\"attachment-large size-large\" alt=\"\" srcset=\"https:\/\/thomaybomhcm.com\/wp-content\/uploads\/2025\/08\/3.png 1366w, https:\/\/thomaybomhcm.com\/wp-content\/uploads\/2025\/08\/3-711x400.png 711w, https:\/\/thomaybomhcm.com\/wp-content\/uploads\/2025\/08\/3-768x432.png 768w\" sizes=\"auto, (max-width: 1020px) 100vw, 1020px\" title=\"\">\t\t\t\t\t\t\n\t\t\t\t\t<\/div>\n\t\t\t\t\t\t\t\t\n<style>\n#image_1562651983 {\n  width: 100%;\n}\n<\/style>\n\t<\/div>\n\t\n\t\t<\/div>\n\t\t\t\t\t<\/div>\n\n\t\n\n\t<div id=\"col-2087868098\" class=\"col medium-4 small-12 large-4\"  >\n\t\t\t\t<div class=\"col-inner\"  >\n\t\t\t\n\t\t\t\n\t<div class=\"img has-hover x md-x lg-x y md-y lg-y\" id=\"image_1527956033\">\n\t\t\t\t\t\t\t\t<div class=\"img-inner image-cover dark\" style=\"padding-top:50%;\">\n\t\t\t\t\t\t\t\t\t\n\t\t\t\t\t<\/div>\n\t\t\t\t\t\t\t\t\n<style>\n#image_1527956033 {\n  width: 100%;\n}\n<\/style>\n\t<\/div>\n\t\n\t\t<\/div>\n\t\t\t\t\t<\/div>\n\n\t\n<\/div>\n<div class=\"row\"  id=\"row-514495450\">\n\n\t<div id=\"col-2022927760\" class=\"col medium-4 small-12 large-4\"  >\n\t\t\t\t<div class=\"col-inner\"  >\n\t\t\t\n\t\t\t\n\t<div class=\"img has-hover x md-x lg-x y md-y lg-y\" id=\"image_254588654\">\n\t\t\t\t\t\t\t\t<div class=\"img-inner image-cover dark\" style=\"padding-top:50%;\">\n\t\t\t<img loading=\"lazy\" decoding=\"async\" width=\"600\" height=\"800\" src=\"https:\/\/thomaybomhcm.com\/wp-content\/uploads\/2025\/10\/20251023_084231-600x800.jpg\" class=\"attachment-large size-large\" alt=\"\" srcset=\"https:\/\/thomaybomhcm.com\/wp-content\/uploads\/2025\/10\/20251023_084231-600x800.jpg 600w, https:\/\/thomaybomhcm.com\/wp-content\/uploads\/2025\/10\/20251023_084231-300x400.jpg 300w, https:\/\/thomaybomhcm.com\/wp-content\/uploads\/2025\/10\/20251023_084231-768x1024.jpg 768w, https:\/\/thomaybomhcm.com\/wp-content\/uploads\/2025\/10\/20251023_084231-1152x1536.jpg 1152w, https:\/\/thomaybomhcm.com\/wp-content\/uploads\/2025\/10\/20251023_084231-1536x2048.jpg 1536w, https:\/\/thomaybomhcm.com\/wp-content\/uploads\/2025\/10\/20251023_084231-scaled.jpg 1920w\" sizes=\"auto, (max-width: 600px) 100vw, 600px\" title=\"\">\t\t\t\t\t\t\n\t\t\t\t\t<\/div>\n\t\t\t\t\t\t\t\t\n<style>\n#image_254588654 {\n  width: 100%;\n}\n<\/style>\n\t<\/div>\n\t\n\t\t<\/div>\n\t\t\t\t\t<\/div>\n\n\t\n\n\t<div id=\"col-2016025420\" class=\"col medium-4 small-12 large-4\"  >\n\t\t\t\t<div class=\"col-inner\"  >\n\t\t\t\n\t\t\t\n\t<div class=\"img has-hover x md-x lg-x y md-y lg-y\" id=\"image_1485543496\">\n\t\t\t\t\t\t\t\t<div class=\"img-inner image-cover dark\" style=\"padding-top:50%;\">\n\t\t\t<img loading=\"lazy\" decoding=\"async\" width=\"686\" height=\"800\" src=\"https:\/\/thomaybomhcm.com\/wp-content\/uploads\/2024\/12\/FB_IMG_15967684543383584-1-e1733784461730-686x800.jpg\" class=\"attachment-large size-large\" alt=\"\" title=\"\">\t\t\t\t\t\t\n\t\t\t\t\t<\/div>\n\t\t\t\t\t\t\t\t\n<style>\n#image_1485543496 {\n  width: 100%;\n}\n<\/style>\n\t<\/div>\n\t\n\t\t<\/div>\n\t\t\t\t\t<\/div>\n\n\t\n\n\t<div id=\"col-1704740157\" class=\"col medium-4 small-12 large-4\"  >\n\t\t\t\t<div class=\"col-inner\"  >\n\t\t\t\n\t\t\t\n\t<div class=\"img has-hover x md-x lg-x y md-y lg-y\" id=\"image_1761310016\">\n\t\t\t\t\t\t\t\t<div class=\"img-inner image-cover dark\" style=\"padding-top:50%;\">\n\t\t\t<img loading=\"lazy\" decoding=\"async\" width=\"676\" height=\"255\" src=\"https:\/\/thomaybomhcm.com\/wp-content\/uploads\/2024\/12\/paner-e1757548654965.png\" class=\"attachment-large size-large\" alt=\"\" title=\"\">\t\t\t\t\t\t\n\t\t\t\t\t<\/div>\n\t\t\t\t\t\t\t\t\n<style>\n#image_1761310016 {\n  width: 100%;\n}\n<\/style>\n\t<\/div>\n\t\n\t\t<\/div>\n\t\t\t\t\t<\/div>\n\n\t\n<\/div>\n<div class=\"row\"  id=\"row-1420283173\">\n\n\t<div id=\"col-394459939\" class=\"col small-12 large-12\"  >\n\t\t\t\t<div class=\"col-inner\"  >\n\t\t\t\n\t\t\t\n<p dir=\"ltr\" style=\"text-align: justify;\"><span style=\"color: #000000; font-size: 90%;\">C\u00f4ng vi\u1ec7c c\u1ee7a th\u1ee3 s\u1eeda gi\u1ebfng khoan HO\u00c0NG LONG bao g\u1ed3m ki\u1ec3m tra , x\u1eed l\u00fd c\u00e1c s\u1ef1 c\u1ed1 v\u1ec1 gi\u1ebfng khoan v\u00e0 m\u00e1y b\u01a1m n\u01b0\u1edbc , nh\u01b0 c\u1ee9u k\u1eb9t m\u00e1y b\u01a1m , th\u1ed5i r\u1eeda gi\u1ebfng b\u1ecb b\u1ea9n , s\u1eeda ch\u1eefa v\u00e0 thay th\u1ebf m\u00e1y b\u01a1m h\u1ecfng . H\u1ecd c\u0169ng ch\u1ecbu tr\u00e1ch nhi\u1ec7m l\u1eafp \u0111\u1eb7t h\u1ec7 th\u1ed1ng \u0111\u01b0\u1eddng \u1ed1ng, \u0111i\u1ec7n n\u01b0\u1edbc li\u00ean quan \u0111\u1ebfn gi\u1ebfng, v\u00e0 t\u01b0 v\u1ea5n cho kh\u00e1ch h\u00e0ng v\u1ec1 c\u00e1c gi\u1ea3i ph\u00e1p ph\u00f9 h\u1ee3p\u00a0 .C\u00e1c c\u00f4ng vi\u1ec7c ch\u00ednh c\u1ee7a th\u1ee3 s\u1eeda gi\u1ebfng khoan : X\u1eed l\u00fd s\u1ef1 c\u1ed1 gi\u1ebfng khoan : Th\u1ed5i r\u1eeda , s\u1ee5c l\u1ea1i gi\u1ebfng b\u1ecb nhi\u1ec5m b\u1ea9n ho\u1eb7c g\u1eb7p v\u1ea5n \u0111\u1ec1 v\u1ec1 ngu\u1ed3n n\u01b0\u1edbc. Ki\u1ec3m tra v\u00e0 kh\u1eafc ph\u1ee5c c\u00e1c v\u1ea5n \u0111\u1ec1 li\u00ean quan \u0111\u1ebfn gi\u1ebfng. S\u1eeda ch\u1eefa v\u00e0 l\u1eafp \u0111\u1eb7t m\u00e1y b\u01a1m: Nh\u1eadn th\u00e1o l\u1eafp v\u00e0 c\u1ee9u k\u1eb9t m\u00e1y b\u01a1m ch\u00ecm b\u1ecb r\u01a1i xu\u1ed1ng gi\u1ebfng. S\u1eeda ch\u1eefa c\u00e1c lo\u1ea1i m\u00e1y b\u01a1m nh\u01b0 m\u00e1y b\u01a1m li t\u00e2m, m\u00e1y b\u01a1m ch\u00ecm, m\u00e1y b\u01a1m c\u00f4ng nghi\u1ec7p kh\u00f4ng ho\u1ea1t \u0111\u1ed9ng ho\u1eb7c ph\u00e1t ra ti\u1ebfng \u1ed3n.L\u1eafp \u0111\u1eb7t m\u00e1y b\u01a1m m\u1edbi v\u00e0 t\u01b0 v\u1ea5n trao \u0111\u1ed5i m\u00e1y b\u01a1m c\u0169. Ki\u1ec3m tra h\u1ec7 th\u1ed1ng \u0111i\u1ec7n n\u01b0\u1edbc:X\u1eed l\u00fd c\u00e1c s\u1ef1 c\u1ed1 li\u00ean quan \u0111\u1ebfn h\u1ec7 th\u1ed1ng \u0111i\u1ec7n n\u01b0\u1edbc c\u1ee7a gi\u1ebfng. L\u1eafp \u0111\u1eb7t v\u00e0 s\u1eeda ch\u1eefa t\u1ee7 \u0111i\u1ec7n, d\u00e2y d\u1eabn \u0111i\u1ec7n cho gi\u1ebfng khoan.T\u01b0 v\u1ea5n v\u00e0 b\u00e0n giao: Ti\u1ebfp nh\u1eadn th\u00f4ng tin, ki\u1ec3m tra t\u1ea1i ch\u1ed7 v\u00e0 t\u01b0 v\u1ea5n ph\u01b0\u01a1ng \u00e1n x\u1eed l\u00fd c\u00f9ng m\u1ee9c chi ph\u00ed ph\u00f9 h\u1ee3p. B\u00e0n giao c\u00f4ng tr\u00ecnh sau khi ho\u00e0n th\u00e0nh, \u0111\u1ea3m b\u1ea3o gi\u1ebfng ho\u1ea1t \u0111\u1ed9ng \u1ed5n \u0111\u1ecbnh. &#8211; Th\u1ee3 s\u1eeda gi\u1ebfng khoan t\u1ea1i TP.HCM &#8211; HO\u00c0NG LONG l\u00e0 \u0111\u01a1n v\u1ecb chuy\u00ean s\u1eeda gi\u1ebfng khoan t\u1ea1i TP.HCM &#8211; C\u00e1c l\u1ed7i gi\u1ebfng khoan h\u01b0 h\u1ecfng ph\u1ed5 bi\u1ebfn bao g\u1ed3m t\u1eafc ngh\u1ebdn do c\u1eb7n b\u1ea9n ho\u1eb7c r\u1ec9 s\u00e9t, s\u1eadp \u0111\u1ed5, s\u1ee5t l\u00fan c\u1ea5u tr\u00fac gi\u1ebfng, \u0103n m\u00f2n \u1ed1ng v\u00e0 thi\u1ebft b\u1ecb, gi\u1ea3m l\u01b0u l\u01b0\u1ee3ng n\u01b0\u1edbc, nhi\u1ec5m b\u1ea9n ngu\u1ed3n n\u01b0\u1edbc, h\u1ecfng m\u00e1y b\u01a1m, m\u1ea5t \u0111i\u1ec7n, r\u00f2 r\u1ec9 \u0111\u01b0\u1eddng \u1ed1ng, v\u00e0 c\u1ea1n m\u1ef1c n\u01b0\u1edbc do bi\u1ebfn \u0111\u1ed5i \u0111\u1ecba ch\u1ea5t ho\u1eb7c khai th\u00e1c qu\u00e1 m\u1ee9c. H\u01b0 h\u1ecfng c\u1ea5u tr\u00fac gi\u1ebfng: S\u1eadp \u0111\u1ed5, s\u1ee5t l\u00fan gi\u1ebfng:X\u1ea3y ra do \u0111\u1ecba ch\u1ea5t y\u1ebfu ho\u1eb7c thi c\u00f4ng kh\u00f4ng \u0111\u1ea3m b\u1ea3o, c\u00f3 th\u1ec3 do \u0111\u1ea5t \u0111\u00e1 xung quanh b\u1ecb s\u1ee5t l\u00fan g\u00e2y h\u01b0 h\u1ea1i \u1ed1ng v\u00e1ch ho\u1eb7c l\u1ecdt c\u00e1t, b\u00f9n v\u00e0o gi\u1ebfng, theo Nh\u1ef1a Thi\u1ebfu Ni\u00ean Ti\u1ec1n Phong Ph\u00eda Nam. \u0102n m\u00f2n \u1ed1ng gi\u1ebfng: \u1ed0ng v\u00e1ch v\u00e0 thi\u1ebft b\u1ecb c\u00f3 th\u1ec3 b\u1ecb \u0103n m\u00f2n sau m\u1ed9t th\u1eddi gian s\u1eed d\u1ee5ng.<\/span><\/p>\n<p dir=\"ltr\" style=\"text-align: justify;\"><span style=\"color: #000000; font-size: 90%;\">V\u1ea5n \u0111\u1ec1 v\u1edbi m\u00e1y b\u01a1m v\u00e0 h\u1ec7 th\u1ed1ng \u1ed1ng d\u1eabn: Gi\u1ea3m l\u01b0u l\u01b0\u1ee3ng n\u01b0\u1edbc\/T\u1ee5t \u00e1p:C\u00f3 th\u1ec3 do m\u00e1y b\u01a1m b\u1ecb b\u00e1m c\u1eb7n, c\u00e1nh b\u01a1m b\u1ecb m\u00f2n, l\u01b0\u1edbi l\u1ecdc b\u1ecb t\u1eafc ngh\u1ebdn, ho\u1eb7c m\u1ef1c n\u01b0\u1edbc t\u1ee5t th\u1ea5p h\u01a1n \u0111\u1ea7u h\u00fat. M\u00e1y b\u01a1m h\u1ecfng\/ y\u1ebfu:M\u00e1y b\u01a1m c\u00f3 th\u1ec3 b\u1ecb qu\u00e1 t\u1ea3i, \u0111\u1ed9ng c\u01a1 b\u1ecb n\u00f3ng qu\u00e1 m\u1ee9c, ho\u1eb7c c\u00e1c b\u1ed9 ph\u1eadn b\u00ean trong b\u1ecb m\u00f2n. R\u00f2 r\u1ec9 \u1ed1ng d\u1eabn:C\u00f3 th\u1ec3 x\u1ea3y ra \u1edf c\u00e1c m\u1ed1i n\u1ed1i ho\u1eb7c \u1edf ch\u00ednh th\u00e2n \u1ed1ng, g\u00e2y m\u1ea5t \u00e1p l\u1ef1c n\u01b0\u1edbc. H\u1ecfng van:Van m\u1ed9t chi\u1ec1u ho\u1eb7c van an to\u00e0n c\u00f3 th\u1ec3 g\u1eb7p tr\u1ee5c tr\u1eb7c, g\u00e2y \u1ea3nh h\u01b0\u1edfng \u0111\u1ebfn h\u1ec7 th\u1ed1ng.<\/span><\/p>\n<p dir=\"ltr\" style=\"text-align: justify;\"><span style=\"color: #000000; font-size: 90%;\">V\u1ea5n \u0111\u1ec1 v\u1ec1 ngu\u1ed3n n\u01b0\u1edbc v\u00e0 m\u00f4i tr\u01b0\u1eddng: Nhi\u1ec5m b\u1ea9n ngu\u1ed3n n\u01b0\u1edbc:N\u01b0\u1edbc gi\u1ebfng c\u00f3 th\u1ec3 b\u1ecb nhi\u1ec5m b\u1ea9n b\u1edfi vi sinh v\u1eadt ho\u1eb7c c\u00e1c t\u1ea1p ch\u1ea5t kh\u00e1c. C\u1ea1n m\u1ef1c n\u01b0\u1edbc ng\u1ea7m:T\u00ecnh tr\u1ea1ng n\u00e0y c\u00f3 th\u1ec3 do h\u1ea1n h\u00e1n k\u00e9o d\u00e0i ho\u1eb7c khai th\u00e1c n\u01b0\u1edbc ng\u1ea7m qu\u00e1 m\u1ee9c. T\u1eafc ngh\u1ebdn do c\u1eb7n b\u1ea9n:C\u00e1t, b\u00f9n \u0111\u1ea5t c\u00f3 th\u1ec3 t\u00edch t\u1ee5 l\u00e0m t\u1eafc \u1ed1ng l\u1ecdc ho\u1eb7c l\u01b0\u1edbi ch\u1eafn r\u00e1c.<\/span><\/p>\n<p dir=\"ltr\" style=\"text-align: justify;\"><span style=\"color: #000000; font-size: 90%;\">4. V\u1ea5n \u0111\u1ec1 v\u1ec1 \u0111i\u1ec7n: M\u1ea5t \u0111i\u1ec7n c\u1ea5p cho m\u00e1y b\u01a1m:Ngu\u1ed3n \u0111i\u1ec7n kh\u00f4ng \u1ed5n \u0111\u1ecbnh ho\u1eb7c b\u1ecb s\u1ef1 c\u1ed1 c\u00f3 th\u1ec3 khi\u1ebfn m\u00e1y b\u01a1m ho\u1ea1t \u0111\u1ed9ng kh\u00f4ng \u0111\u01b0\u1ee3c. \u0110i\u1ec7n \u00e1p kh\u00f4ng ph\u00f9 h\u1ee3p:\u0110i\u1ec7n \u00e1p qu\u00e1 th\u1ea5p ho\u1eb7c \u0111\u1ed9ng c\u01a1 b\u1ecb \u0111\u1ea5u nh\u1ea7m chi\u1ec1u quay c\u00f3 th\u1ec3 l\u00e0m gi\u1ea3m hi\u1ec7u su\u1ea5t ho\u1eb7c h\u1ecfng m\u00e1y b\u01a1m. \u0110\u1ec3 x\u1eed l\u00fd c\u00e1c s\u1ef1 c\u1ed1 n\u00e0y, b\u1ea1n c\u1ea7n x\u00e1c \u0111\u1ecbnh \u0111\u00fang nguy\u00ean nh\u00e2n v\u00e0 c\u00f3 bi\u1ec7n ph\u00e1p kh\u1eafc ph\u1ee5c ph\u00f9 h\u1ee3p, c\u00f3 th\u1ec3 bao g\u1ed3m s\u1eeda ch\u1eefa, thay th\u1ebf thi\u1ebft b\u1ecb ho\u1eb7c li\u00ean h\u1ec7 c\u00e1c chuy\u00ean gia \u0111\u1ec3 \u0111\u01b0\u1ee3c t\u01b0 v\u1ea5n v\u00e0 h\u1ed7 tr\u1ee3. H\u01b0 H\u1ecfng Gi\u1ebfng Khoan Th\u01b0\u1eddng G\u1eb7p v\u00e0 C\u00e1ch Kh\u1eafc Ph\u1ee5c\u00a0<\/span><\/p>\n<p dir=\"ltr\" style=\"text-align: justify;\"><span style=\"color: #000000; font-size: 90%;\">C\u00e1c Lo\u1ea1i H\u01b0 H\u1ecfng Th\u01b0\u1eddng G\u1eb7p \u1edf Gi\u1ebfng Khoan <\/span><span style=\"color: #000000; font-size: 90%;\">T\u1eafc ngh\u1ebdn do c\u1eb7n b\u1ea9n, r\u1ec9 s\u00e9t <\/span><span style=\"color: #000000; font-size: 90%;\">S\u1eadp \u0111\u1ed5, s\u1ee5t l\u00fan gi\u1ebfng <\/span><span style=\"color: #000000; font-size: 90%;\">\u0102n m\u00f2n \u1ed1ng gi\u1ebfng Nh\u1eefng h\u01b0 h\u1ecfng th\u01b0\u1eddng g\u1eb7p \u1edf gi\u1ebfng khoan v\u00e0 bi\u1ec7n ph\u00e1p x\u1eed l\u00fd D\u01b0\u1edbi \u0111\u00e2y l\u00e0 m\u1ed9t s\u1ed1 s\u1ef1 c\u1ed1 h\u01b0 h\u1ecfng th\u01b0\u1eddng g\u1eb7p li\u00ean quan \u0111\u1ebfn gi\u1ebfng khoan, c\u00f9ng v\u1edbi c\u00e1ch ki\u1ec3m tra ph\u00e1t hi\u1ec7n v\u00e0 x\u1eed l\u00fd ch\u00fang T\u1eafc ngh\u1ebd&#8230;Gi\u1ebfng Khoan , <\/span><span style=\"color: #000000; font-size: 90%;\">Gi\u1ebfng Khoan B\u1ecb H\u1ecfng H\u00f3c C\u1ea5u Tr\u00fac Sau m\u1ed9t th\u1eddi gian d\u00e0i s\u1eed d\u1ee5ng, b\u1ea3n th\u00e2n gi\u1ebfng khoan c\u00f3 th\u1ec3 g\u1eb7p v\u1ea5n \u0111\u1ec1. Gi\u1ebfng b\u1ecb\u00a0<\/span><span style=\"color: #000000; font-size: 90%;\">Nh\u1eefng h\u01b0 h\u1ecfng th\u01b0\u1eddng g\u1eb7p \u1edf gi\u1ebfng khoan v\u00e0 bi\u1ec7n ph\u00e1p &#8211; <\/span><span style=\"color: #000000; font-size: 90%;\">T\u1eafc ngh\u1ebdn b\u1edfi c\u1eb7n b\u1ea9n ho\u1eb7c r\u1ec9 s\u00e9t &#8211; <\/span><span style=\"color: #000000; font-size: 90%;\">S\u1ee5t l\u00fan ho\u1eb7c s\u1eadp gi\u1ebfng &#8211;<\/span><span style=\"color: #000000; font-size: 90%;\"> \u0102n m\u00f2n \u1ed1ng gi\u1ebfng v\u00e0 thi\u1ebft b\u1ecb :\u00a0<\/span><span style=\"color: #000000; font-size: 90%;\">Gi\u1ea3m l\u01b0u l\u01b0\u1ee3ng n\u01b0\u1edbc:\u00a0<\/span><span style=\"color: #000000; font-size: 90%;\">Nhi\u1ec5m b\u1ea9n ngu\u1ed3n n\u01b0\u1edbc:\u00a0<\/span><span style=\"color: #000000; font-size: 90%;\">H\u1ecfng &#8230;H\u01b0 H\u1ecfng <\/span><span style=\"color: #000000; font-size: 90%;\">C\u00e1ch x\u1eed l\u00fd gi\u1ebfng khoan b\u1ecb t\u1ee5t n\u01b0\u1edbc m\u1ed3i, kh\u1eafc ph\u1ee5c gi\u1ebfng <\/span><span style=\"color: #000000; font-size: 90%;\">C\u00e1ch kh\u1eafc ph\u1ee5c gi\u1ebfng khoan b\u1ecb h\u1ee5t n\u01b0\u1edbc \u00b7 Ki\u1ec3m tra k\u1ef9 l\u01b0\u1ee1ng \u0111\u01b0\u1eddng \u1ed1ng d\u1eabn n\u01b0\u1edbc \u0111\u1ec3 ph\u00e1t hi\u1ec7n c\u00e1c v\u1ebft n\u1ee9t, v\u1ee1 ho\u1eb7c r\u00f2 r\u1ec9. \u00b7 Thay th\u1ebf c\u00e1c \u0111o\u1ea1n \u1ed1ng b\u1ecb h\u01b0 h\u1ecfng \u0111\u1ec3 \u0111\u1ea3m &#8230;<\/span><\/p>\n<h2 dir=\"ltr\" style=\"text-align: justify;\"><span style=\"color: #000000; font-size: 90%;\">Gi\u00e1 tham kh\u1ea3o s\u1eeda gi\u1ebfng khoan t\u1ea1i TP.H\u1ed3 Ch\u00ed Minh<\/span><\/h2>\n<p dir=\"ltr\" style=\"text-align: justify;\"><span style=\"color: #000000; font-size: 90%;\">Dao \u0111\u1ed9ng t\u1eeb kho\u1ea3ng 500.000 VN\u0110 \u0111\u1ebfn h\u01a1n 1.000.000 VN\u0110 cho vi\u1ec7c s\u1eeda m\u00e1y b\u01a1m , t\u00f9y thu\u1ed9c v\u00e0o h\u1ea1ng m\u1ee5c c\u00f4ng vi\u1ec7c nh\u01b0 l\u1eafp m\u00e1y b\u01a1m , thay m\u00e1y\u00a0 ki\u1ec3m tra m\u00e1y b\u1ecb ch\u00e1y hay s\u1eeda m\u00e1y b\u01a1m kh\u00f4ng l\u00ean n\u01b0\u1edbc . Ngo\u00e0i ra , gi\u00e1 s\u1eeda gi\u1ebfng khoan c\u00f2n c\u00f3 th\u1ec3 bao g\u1ed3m ph\u00ed v\u1eadt t\u01b0, c\u00f4ng s\u1eeda ch\u1eefa v\u00e0 \u0111\u1ed9 ph\u1ee9c t\u1ea1p c\u1ee7a c\u00f4ng vi\u1ec7c. Ph\u00e2n lo\u1ea1i gi\u00e1 s\u1eeda gi\u1ebfng khoan: Gi\u00e1 s\u1eeda m\u00e1y b\u01a1m : L\u1eafp m\u00e1y b\u01a1m m\u1edbi: 300.000 &#8211; 400.000 VN\u0110.Thay m\u00e1y b\u01a1m: 200.000 &#8211; 300.000 VN\u0110 (t\u00f9y \u0111\u1ed9 kh\u00f3).Ki\u1ec3m tra m\u00e1y b\u01a1m b\u1ecb ch\u00e1y : 150.000 &#8211; 300.000 VN\u0110.S\u1eeda m\u00e1y b\u01a1m kh\u00f4ng l\u00ean n\u01b0\u1edbc : 350.000 &#8211; 500.000 VN\u0110 . G\u00ed\u00e1 s\u1eeda gi\u1ebfng khoan : Ph\u1ee5 thu\u1ed9c v\u00e0o \u0111\u1ed9 s\u00e2u c\u1ee7a gi\u1ebfng v\u00e0 lo\u1ea1i gi\u1ebfng ( gi\u1ebfng gia \u0111\u00ecnh, gi\u1ebfng t\u1ea7ng trung , gi\u1ebfng c\u00f4ng nghi\u1ec7p ) . Gi\u00e1 s\u1eeda gi\u1ebfng c\u00f3 th\u1ec3 bao g\u1ed3m ph\u00ed v\u1eadt t\u01b0 nh\u01b0 \u1ed1ng gi\u1ebfng nh\u1ef1a, \u1ed1ng h\u00fat v\u00e0 c\u00f4ng th\u00e1o l\u1eafp, s\u1eeda ch\u1eefa v\u1eadt t\u01b0 h\u01b0 h\u1ecfng . T\u00f9y v\u00e0o t\u00ecnh tr\u1ea1ng c\u1ee5 th\u1ec3 c\u1ee7a gi\u1ebfng (v\u1eadt li\u1ec7u, \u0111\u1ed9 s\u00e2u, m\u1ee9c \u0111\u1ed9 h\u01b0 h\u1ecfng) m\u00e0 \u0111\u01a1n v\u1ecb s\u1eeda ch\u1eefa s\u1ebd \u0111\u01b0a ra b\u00e1o gi\u00e1 chi ti\u1ebft.L\u01b0u \u00fd : \u0110\u1ec3 c\u00f3 b\u00e1o gi\u00e1 ch\u00ednh x\u00e1c, qu\u00fd kh\u00e1ch n\u00ean li\u00ean h\u1ec7 tr\u1ef1c ti\u1ebfp v\u1edbi c\u00e1c \u0111\u01a1n v\u1ecb s\u1eeda ch\u1eefa \u0111\u1ec3 \u0111\u01b0\u1ee3c kh\u1ea3o s\u00e1t th\u1ef1c t\u1ebf, ki\u1ec3m tra t\u00ecnh tr\u1ea1ng gi\u1ebfng v\u00e0 t\u01b0 v\u1ea5n gi\u1ea3i ph\u00e1p ph\u00f9 h\u1ee3p . Nhi\u1ec1u \u0111\u01a1n v\u1ecb cung c\u1ea5p d\u1ecbch v\u1ee5 khoan gi\u1ebfng v\u00e0 s\u1eeda ch\u1eefa gi\u1ebfng n\u01b0\u1edbc t\u1ea1i khu v\u1ef1c TPHCM, qu\u00fd kh\u00e1ch n\u00ean tham kh\u1ea3o nhi\u1ec1u ngu\u1ed3n \u0111\u1ec3 l\u1ef1a ch\u1ecdn \u0111\u01a1n v\u1ecb uy t\u00edn.<\/span><\/p>\n\t\t<\/div>\n\t\t\t\t\t<\/div>\n\n\t\n<\/div>\n","protected":false},"excerpt":{"rendered":"","protected":false},"author":1,"featured_media":0,"parent":0,"menu_order":0,"comment_status":"closed","ping_status":"closed","template":"","meta":{"footnotes":""},"class_list":["post-5437","page","type-page","status-publish","hentry"],"_links":{"self":[{"href":"https:\/\/thomaybomhcm.com\/index.php?rest_route=\/wp\/v2\/pages\/5437","targetHints":{"allow":["GET"]}}],"collection":[{"href":"https:\/\/thomaybomhcm.com\/index.php?rest_route=\/wp\/v2\/pages"}],"about":[{"href":"https:\/\/thomaybomhcm.com\/index.php?rest_route=\/wp\/v2\/types\/page"}],"author":[{"embeddable":true,"href":"https:\/\/thomaybomhcm.com\/index.php?rest_route=\/wp\/v2\/users\/1"}],"replies":[{"embeddable":true,"href":"https:\/\/thomaybomhcm.com\/index.php?rest_route=%2Fwp%2Fv2%2Fcomments&post=5437"}],"version-history":[{"count":76,"href":"https:\/\/thomaybomhcm.com\/index.php?rest_route=\/wp\/v2\/pages\/5437\/revisions"}],"predecessor-version":[{"id":5635,"href":"https:\/\/thomaybomhcm.com\/index.php?rest_route=\/wp\/v2\/pages\/5437\/revisions\/5635"}],"wp:attachment":[{"href":"https:\/\/thomaybomhcm.com\/index.php?rest_route=%2Fwp%2Fv2%2Fmedia&parent=5437"}],"curies":[{"name":"wp","href":"https:\/\/api.w.org\/{rel}","templated":true}]}}