{"id":31,"date":"2020-06-21T17:28:01","date_gmt":"2020-06-21T17:28:01","guid":{"rendered":"http:\/\/web06.webdemo.vn\/?page_id=31"},"modified":"2026-03-23T22:31:08","modified_gmt":"2026-03-23T22:31:08","slug":"lien-he","status":"publish","type":"page","link":"https:\/\/thomaybomhcm.com\/?page_id=31","title":{"rendered":"Li\u00ean h\u1ec7"},"content":{"rendered":"\t<div id=\"text-3003094296\" class=\"text\">\n\t\t\n<p>Lorem ipsum dolor sit amet, consectetuer adipiscing elit, sed diam nonummy nibh euismod tincidunt ut laoreet dolore magna aliquam erat volutpat.<\/p>\n\t\t\n<style>\n#text-3003094296 {\n  text-align: center;\n}\n<\/style>\n\t<\/div>\n\t\n<div class=\"row\"  id=\"row-564592140\">\n\n\t<div id=\"col-760514109\" class=\"col medium-6 small-12 large-6\"  >\n\t\t\t\t<div class=\"col-inner\"  >\n\t\t\t\n\t\t\t\n\n<div class=\"wpcf7 no-js\" id=\"wpcf7-f7-o1\" lang=\"vi\" dir=\"ltr\" data-wpcf7-id=\"7\">\n<div class=\"screen-reader-response\"><p role=\"status\" aria-live=\"polite\" aria-atomic=\"true\"><\/p> <ul><\/ul><\/div>\n<form action=\"\/index.php?rest_route=%2Fwp%2Fv2%2Fpages%2F31#wpcf7-f7-o1\" method=\"post\" class=\"wpcf7-form init\" aria-label=\"Form li\u00ean h\u1ec7\" novalidate=\"novalidate\" data-status=\"init\">\n<fieldset class=\"hidden-fields-container\"><input type=\"hidden\" name=\"_wpcf7\" value=\"7\" \/><input type=\"hidden\" name=\"_wpcf7_version\" value=\"6.1.5\" \/><input type=\"hidden\" name=\"_wpcf7_locale\" value=\"vi\" \/><input type=\"hidden\" name=\"_wpcf7_unit_tag\" value=\"wpcf7-f7-o1\" \/><input type=\"hidden\" name=\"_wpcf7_container_post\" value=\"0\" \/><input type=\"hidden\" name=\"_wpcf7_posted_data_hash\" value=\"\" \/>\n<\/fieldset>\n<p><span class=\"wpcf7-form-control-wrap\" data-name=\"sodienthoai\"><input size=\"40\" maxlength=\"400\" class=\"wpcf7-form-control wpcf7-tel wpcf7-validates-as-required wpcf7-text wpcf7-validates-as-tel\" aria-required=\"true\" aria-invalid=\"false\" placeholder=\"S\u1ed1 \u0111i\u1ec7n tho\u1ea1i\" value=\"\" type=\"tel\" name=\"sodienthoai\" \/><\/span><br \/>\n<span class=\"wpcf7-form-control-wrap\" data-name=\"emailcuaban\"><input size=\"40\" maxlength=\"400\" class=\"wpcf7-form-control wpcf7-email wpcf7-text wpcf7-validates-as-email\" aria-invalid=\"false\" placeholder=\"Email nh\u1eadn th\u00f4ng tin\" value=\"\" type=\"email\" name=\"emailcuaban\" \/><\/span><br \/>\n<span class=\"wpcf7-form-control-wrap\" data-name=\"yeucau\"><textarea cols=\"40\" rows=\"10\" maxlength=\"2000\" class=\"wpcf7-form-control wpcf7-textarea\" aria-invalid=\"false\" placeholder=\"Y\u00eau c\u1ea7u c\u1ee7a b\u1ea1n (n\u1ebfu c\u00f3)\" name=\"yeucau\"><\/textarea><\/span>\n<\/p>\n<p><input class=\"wpcf7-form-control wpcf7-submit has-spinner\" type=\"submit\" value=\"G\u1eedi y\u00eau c\u1ea7u\" \/>\n<\/p><div class=\"wpcf7-response-output\" aria-hidden=\"true\"><\/div>\n<\/form>\n<\/div>\n\n\t\t<\/div>\n\t\t\t\t\t<\/div>\n\n\t\n\n\t<div id=\"col-105614376\" class=\"col medium-6 small-12 large-6\"  >\n\t\t\t\t<div class=\"col-inner\"  >\n\t\t\t\n\t\t\t\n<h3>TH\u00d4NG TIN LI\u00caN H\u1ec6<\/h3>\n<ul>\n<li class=\"bullet-star\"><span style=\"font-size: 90%;\">Email: doanhnguyenads@gmail.com<\/span><\/li>\n<li class=\"bullet-star\"><span style=\"font-size: 12.96px;\">Hotline: 0906.379.340<\/span><\/li>\n<li class=\"bullet-star\"><span style=\"font-size: 90%;\">Website: www.thomaybomhcm.com<\/span><\/li>\n<\/ul>\n<div class=\"social-icons follow-icons\" style=\"font-size:80%\"><a href=\"https:\/\/thomaybomhcm.com\/\" target=\"_blank\" data-label=\"Facebook\" rel=\"noopener noreferrer nofollow\" class=\"icon primary button circle facebook tooltip\" title=\"Follow on Facebook\" aria-label=\"Follow on Facebook\"><i class=\"icon-facebook\" ><\/i><\/a><a href=\"https:\/\/thomaybomhcm.com\/\" target=\"_blank\" rel=\"noopener noreferrer nofollow\" data-label=\"Instagram\" class=\"icon primary button circle  instagram tooltip\" title=\"Follow on Instagram\" aria-label=\"Follow on Instagram\"><i class=\"icon-instagram\" ><\/i><\/a><a href=\"https:\/\/thomaybomhcm.com\/\" target=\"_blank\" data-label=\"Twitter\" rel=\"noopener noreferrer nofollow\" class=\"icon primary button circle  twitter tooltip\" title=\"Follow on Twitter\" aria-label=\"Follow on Twitter\"><i class=\"icon-twitter\" ><\/i><\/a><a href=\"https:\/\/thomaybomhcm.com\/\" target=\"_blank\" rel=\"noopener noreferrer nofollow\" data-label=\"LinkedIn\" class=\"icon primary button circle  linkedin tooltip\" title=\"Follow on LinkedIn\" aria-label=\"Follow on LinkedIn\"><i class=\"icon-linkedin\" ><\/i><\/a><a href=\"MINH QUANG @thomaybomhcm\" target=\"_blank\" rel=\"noopener noreferrer nofollow\" data-label=\"YouTube\" class=\"icon primary button circle  youtube tooltip\" title=\"Follow on YouTube\" aria-label=\"Follow on YouTube\"><i class=\"icon-youtube\" ><\/i><\/a><\/div>\n\t\t<\/div>\n\t\t\t\t\t<\/div>\n\n\t\n<\/div>\n\t<div id=\"gap-1205976033\" class=\"gap-element clearfix show-for-small\" style=\"display:block; height:auto;\">\n\t\t\n<style>\n#gap-1205976033 {\n  padding-top: 50px;\n}\n<\/style>\n\t<\/div>\n\t\n<div class=\"row row-collapse align-center\"  id=\"row-192368938\">\n\n\t<div id=\"col-782099890\" class=\"col medium-10 small-12 large-10\"  >\n\t\t\t\t<div class=\"col-inner\"  >\n\t\t\t\n\t\t\t\n<div class=\"row\"  id=\"row-478019707\">\n\n\t<div id=\"col-842039843\" class=\"col medium-4 small-12 large-4\"  >\n\t\t\t\t<div class=\"col-inner\"  >\n\t\t\t\n\t\t\t\n\t<div class=\"img has-hover x md-x lg-x y md-y lg-y\" id=\"image_111110640\">\n\t\t\t\t\t\t\t\t<div class=\"img-inner dark\" >\n\t\t\t<img loading=\"lazy\" decoding=\"async\" width=\"1020\" height=\"573\" src=\"https:\/\/thomaybomhcm.com\/wp-content\/uploads\/2025\/10\/Noi-dung-doan-van-ban-cua-ban.png\" class=\"attachment-large size-large\" alt=\"\" srcset=\"https:\/\/thomaybomhcm.com\/wp-content\/uploads\/2025\/10\/Noi-dung-doan-van-ban-cua-ban.png 1366w, https:\/\/thomaybomhcm.com\/wp-content\/uploads\/2025\/10\/Noi-dung-doan-van-ban-cua-ban-711x400.png 711w, https:\/\/thomaybomhcm.com\/wp-content\/uploads\/2025\/10\/Noi-dung-doan-van-ban-cua-ban-768x432.png 768w\" sizes=\"auto, (max-width: 1020px) 100vw, 1020px\" title=\"\">\t\t\t\t\t\t\n\t\t\t\t\t<\/div>\n\t\t\t\t\t\t\t\t\n<style>\n#image_111110640 {\n  width: 100%;\n}\n<\/style>\n\t<\/div>\n\t\n\t\t<\/div>\n\t\t\t\t\t<\/div>\n\n\t\n\n\t<div id=\"col-1210895698\" class=\"col medium-4 small-12 large-4\"  >\n\t\t\t\t<div class=\"col-inner\"  >\n\t\t\t\n\t\t\t\n\t<div class=\"img has-hover x md-x lg-x y md-y lg-y\" id=\"image_1640587350\">\n\t\t\t\t\t\t\t\t<div class=\"img-inner dark\" >\n\t\t\t<img loading=\"lazy\" decoding=\"async\" width=\"300\" height=\"168\" src=\"https:\/\/thomaybomhcm.com\/wp-content\/uploads\/2024\/12\/images-2-1.jpg\" class=\"attachment-large size-large\" alt=\"\" title=\"\">\t\t\t\t\t\t\n\t\t\t\t\t<\/div>\n\t\t\t\t\t\t\t\t\n<style>\n#image_1640587350 {\n  width: 100%;\n}\n<\/style>\n\t<\/div>\n\t\n\t\t<\/div>\n\t\t\t\t\t<\/div>\n\n\t\n\n\t<div id=\"col-1648667924\" class=\"col medium-4 small-12 large-4\"  >\n\t\t\t\t<div class=\"col-inner\"  >\n\t\t\t\n\t\t\t\n\t<div class=\"img has-hover x md-x lg-x y md-y lg-y\" id=\"image_212041424\">\n\t\t\t\t\t\t\t\t<div class=\"img-inner image-cover dark\" style=\"padding-top:50%;\">\n\t\t\t<img loading=\"lazy\" decoding=\"async\" width=\"1020\" height=\"624\" src=\"https:\/\/thomaybomhcm.com\/wp-content\/uploads\/2024\/05\/dich-vu-sua-chua-dien-nuoc-Ha-Noi-1024x626.jpg\" class=\"attachment-large size-large\" alt=\"D\u1ecbch v\u1ee5 s\u1eeda ch\u1eefa \u0111i\u1ec7n n\u01b0\u1edbc H\u00e0 N\u1ed9i\" srcset=\"https:\/\/thomaybomhcm.com\/wp-content\/uploads\/2024\/05\/dich-vu-sua-chua-dien-nuoc-Ha-Noi-1024x626.jpg 1024w, https:\/\/thomaybomhcm.com\/wp-content\/uploads\/2024\/05\/dich-vu-sua-chua-dien-nuoc-Ha-Noi-300x183.jpg 300w, https:\/\/thomaybomhcm.com\/wp-content\/uploads\/2024\/05\/dich-vu-sua-chua-dien-nuoc-Ha-Noi-768x469.jpg 768w, https:\/\/thomaybomhcm.com\/wp-content\/uploads\/2024\/05\/dich-vu-sua-chua-dien-nuoc-Ha-Noi-1536x939.jpg 1536w, https:\/\/thomaybomhcm.com\/wp-content\/uploads\/2024\/05\/dich-vu-sua-chua-dien-nuoc-Ha-Noi.jpg 1590w\" sizes=\"auto, (max-width: 1020px) 100vw, 1020px\" title=\"\">\t\t\t\t\t\t\n\t\t\t\t\t<\/div>\n\t\t\t\t\t\t\t\t\n<style>\n#image_212041424 {\n  width: 100%;\n}\n<\/style>\n\t<\/div>\n\t\n\t\t<\/div>\n\t\t\t\t\t<\/div>\n\n\t\n<\/div>\n\t<section class=\"section\" id=\"section_470853762\">\n\t\t<div class=\"bg section-bg fill bg-fill  bg-loaded\" >\n\n\t\t\t\n\t\t\t\n\t\t\t\n\t<div class=\"is-border\"\n\t\tstyle=\"border-color:rgb(235, 235, 235);border-width:3px 3px 3px 3px;\">\n\t<\/div>\n\n\t\t<\/div>\n\n\t\t\n\n\t\t<div class=\"section-content relative\">\n\t\t\t\n<div class=\"row\"  id=\"row-1607715050\">\n\n\t<div id=\"col-603159281\" class=\"col medium-4 small-12 large-4\"  >\n\t\t\t\t<div class=\"col-inner\"  >\n\t\t\t\n\t\t\t\n\t<div class=\"img has-hover x md-x lg-x y md-y lg-y\" id=\"image_528068055\">\n\t\t\t\t\t\t\t\t<div class=\"img-inner image-cover dark\" style=\"padding-top:50%;\">\n\t\t\t<img loading=\"lazy\" decoding=\"async\" width=\"670\" height=\"800\" src=\"https:\/\/thomaybomhcm.com\/wp-content\/uploads\/2025\/09\/FB_IMG_15551878375714472-e1757455234553-670x800.jpg\" class=\"attachment-large size-large\" alt=\"\" srcset=\"https:\/\/thomaybomhcm.com\/wp-content\/uploads\/2025\/09\/FB_IMG_15551878375714472-e1757455234553-670x800.jpg 670w, https:\/\/thomaybomhcm.com\/wp-content\/uploads\/2025\/09\/FB_IMG_15551878375714472-e1757455234553-335x400.jpg 335w, https:\/\/thomaybomhcm.com\/wp-content\/uploads\/2025\/09\/FB_IMG_15551878375714472-e1757455234553.jpg 698w\" sizes=\"auto, (max-width: 670px) 100vw, 670px\" title=\"\">\t\t\t\t\t\t\n\t\t\t\t\t<\/div>\n\t\t\t\t\t\t\t\t\n<style>\n#image_528068055 {\n  width: 100%;\n}\n<\/style>\n\t<\/div>\n\t\n\t\t<\/div>\n\t\t\t\t\t<\/div>\n\n\t\n\n\t<div id=\"col-1244123612\" class=\"col medium-4 small-12 large-4\"  >\n\t\t\t\t<div class=\"col-inner\"  >\n\t\t\t\n\t\t\t\n\t<div class=\"img has-hover x md-x lg-x y md-y lg-y\" id=\"image_731955762\">\n\t\t\t\t\t\t\t\t<div class=\"img-inner image-cover dark\" style=\"padding-top:50%;\">\n\t\t\t<img loading=\"lazy\" decoding=\"async\" width=\"272\" height=\"185\" src=\"https:\/\/thomaybomhcm.com\/wp-content\/uploads\/2024\/12\/tai-xuong.jpg\" class=\"attachment-large size-large\" alt=\"\" title=\"\">\t\t\t\t\t\t\n\t\t\t\t\t<\/div>\n\t\t\t\t\t\t\t\t\n<style>\n#image_731955762 {\n  width: 100%;\n}\n<\/style>\n\t<\/div>\n\t\n\t\t<\/div>\n\t\t\t\t\t<\/div>\n\n\t\n\n\t<div id=\"col-1302750545\" class=\"col medium-4 small-12 large-4\"  >\n\t\t\t\t<div class=\"col-inner\"  >\n\t\t\t\n\t\t\t\n\t<div class=\"img has-hover x md-x lg-x y md-y lg-y\" id=\"image_1189105408\">\n\t\t\t\t\t\t\t\t<div class=\"img-inner image-cover dark\" style=\"padding-top:50%;\">\n\t\t\t<img loading=\"lazy\" decoding=\"async\" width=\"1000\" height=\"670\" src=\"https:\/\/thomaybomhcm.com\/wp-content\/uploads\/2024\/05\/Dich-vu-sua-chua-dien-nuoc-Ha-Noi-5.jpg\" class=\"attachment-large size-large\" alt=\"D\u1ecbch v\u1ee5 th\u00f4ng t\u1eafc b\u1ed3n r\u1eeda gi\u00e1 r\u1ebb - Hotline: 0906.379.340\" srcset=\"https:\/\/thomaybomhcm.com\/wp-content\/uploads\/2024\/05\/Dich-vu-sua-chua-dien-nuoc-Ha-Noi-5.jpg 1000w, https:\/\/thomaybomhcm.com\/wp-content\/uploads\/2024\/05\/Dich-vu-sua-chua-dien-nuoc-Ha-Noi-5-300x201.jpg 300w, https:\/\/thomaybomhcm.com\/wp-content\/uploads\/2024\/05\/Dich-vu-sua-chua-dien-nuoc-Ha-Noi-5-768x515.jpg 768w\" sizes=\"auto, (max-width: 1000px) 100vw, 1000px\" title=\"\">\t\t\t\t\t\t\n\t\t\t\t\t<\/div>\n\t\t\t\t\t\t\t\t\n<style>\n#image_1189105408 {\n  width: 100%;\n}\n<\/style>\n\t<\/div>\n\t\n\t\t<\/div>\n\t\t\t\t\t<\/div>\n\n\t\n<\/div>\n<div class=\"row\"  id=\"row-348913826\">\n\n\t<div id=\"col-1889676222\" class=\"col medium-4 small-12 large-4\"  >\n\t\t\t\t<div class=\"col-inner\"  >\n\t\t\t\n\t\t\t\n\t<div class=\"img has-hover x md-x lg-x y md-y lg-y\" id=\"image_612741050\">\n\t\t\t\t\t\t\t\t<div class=\"img-inner image-cover dark\" style=\"padding-top:50%;\">\n\t\t\t<img loading=\"lazy\" decoding=\"async\" width=\"1020\" height=\"680\" src=\"https:\/\/thomaybomhcm.com\/wp-content\/uploads\/2024\/05\/dich-vu-sua-chua-dien-nuoc-Ha-Noi-1-1024x683.jpg\" class=\"attachment-large size-large\" alt=\"\" srcset=\"https:\/\/thomaybomhcm.com\/wp-content\/uploads\/2024\/05\/dich-vu-sua-chua-dien-nuoc-Ha-Noi-1-1024x683.jpg 1024w, https:\/\/thomaybomhcm.com\/wp-content\/uploads\/2024\/05\/dich-vu-sua-chua-dien-nuoc-Ha-Noi-1-300x200.jpg 300w, https:\/\/thomaybomhcm.com\/wp-content\/uploads\/2024\/05\/dich-vu-sua-chua-dien-nuoc-Ha-Noi-1-768x512.jpg 768w, https:\/\/thomaybomhcm.com\/wp-content\/uploads\/2024\/05\/dich-vu-sua-chua-dien-nuoc-Ha-Noi-1.jpg 1500w\" sizes=\"auto, (max-width: 1020px) 100vw, 1020px\" title=\"\">\t\t\t\t\t\t\n\t\t\t\t\t<\/div>\n\t\t\t\t\t\t\t\t\n<style>\n#image_612741050 {\n  width: 100%;\n}\n<\/style>\n\t<\/div>\n\t\n\t\t<\/div>\n\t\t\t\t\t<\/div>\n\n\t\n\n\t<div id=\"col-1025717246\" class=\"col medium-4 small-12 large-4\"  >\n\t\t\t\t<div class=\"col-inner\"  >\n\t\t\t\n\t\t\t\n\t<div class=\"img has-hover x md-x lg-x y md-y lg-y\" id=\"image_935709374\">\n\t\t\t\t\t\t\t\t<div class=\"img-inner image-cover dark\" style=\"padding-top:50%;\">\n\t\t\t<img loading=\"lazy\" decoding=\"async\" width=\"500\" height=\"293\" src=\"https:\/\/thomaybomhcm.com\/wp-content\/uploads\/2024\/05\/Dich-vu-sua-chua-dien-nuoc-Ha-Noi-6.jpg\" class=\"attachment-large size-large\" alt=\"\" srcset=\"https:\/\/thomaybomhcm.com\/wp-content\/uploads\/2024\/05\/Dich-vu-sua-chua-dien-nuoc-Ha-Noi-6.jpg 500w, https:\/\/thomaybomhcm.com\/wp-content\/uploads\/2024\/05\/Dich-vu-sua-chua-dien-nuoc-Ha-Noi-6-300x176.jpg 300w\" sizes=\"auto, (max-width: 500px) 100vw, 500px\" title=\"\">\t\t\t\t\t\t\n\t\t\t\t\t<\/div>\n\t\t\t\t\t\t\t\t\n<style>\n#image_935709374 {\n  width: 100%;\n}\n<\/style>\n\t<\/div>\n\t\n\t\t<\/div>\n\t\t\t\t\t<\/div>\n\n\t\n\n\t<div id=\"col-1793515486\" class=\"col medium-4 small-12 large-4\"  >\n\t\t\t\t<div class=\"col-inner\"  >\n\t\t\t\n\t\t\t\n\t<div class=\"img has-hover x md-x lg-x y md-y lg-y\" id=\"image_1501824453\">\n\t\t\t\t\t\t\t\t<div class=\"img-inner image-cover dark\" style=\"padding-top:50%;\">\n\t\t\t<img loading=\"lazy\" decoding=\"async\" width=\"1020\" height=\"765\" src=\"https:\/\/thomaybomhcm.com\/wp-content\/uploads\/2024\/05\/Dich-vu-thong-tac-cong-tai-Tho-sua-chua-Ha-Noi-1-1024x768.jpg\" class=\"attachment-large size-large\" alt=\"D\u1ecbch v\u1ee5 x\u1eed l\u00fd m\u00f9i h\u00f4i nh\u00e0 v\u1ec7 sinh Th\u1ee3 s\u1eeda ch\u1eefa H\u00e0 N\u1ed9i\" srcset=\"https:\/\/thomaybomhcm.com\/wp-content\/uploads\/2024\/05\/Dich-vu-thong-tac-cong-tai-Tho-sua-chua-Ha-Noi-1-1024x768.jpg 1024w, https:\/\/thomaybomhcm.com\/wp-content\/uploads\/2024\/05\/Dich-vu-thong-tac-cong-tai-Tho-sua-chua-Ha-Noi-1-300x225.jpg 300w, https:\/\/thomaybomhcm.com\/wp-content\/uploads\/2024\/05\/Dich-vu-thong-tac-cong-tai-Tho-sua-chua-Ha-Noi-1-768x576.jpg 768w, https:\/\/thomaybomhcm.com\/wp-content\/uploads\/2024\/05\/Dich-vu-thong-tac-cong-tai-Tho-sua-chua-Ha-Noi-1-1536x1152.jpg 1536w, https:\/\/thomaybomhcm.com\/wp-content\/uploads\/2024\/05\/Dich-vu-thong-tac-cong-tai-Tho-sua-chua-Ha-Noi-1.jpg 1600w\" sizes=\"auto, (max-width: 1020px) 100vw, 1020px\" title=\"\">\t\t\t\t\t\t\n\t\t\t\t\t<\/div>\n\t\t\t\t\t\t\t\t\n<style>\n#image_1501824453 {\n  width: 100%;\n}\n<\/style>\n\t<\/div>\n\t\n\t\t<\/div>\n\t\t\t\t\t<\/div>\n\n\t\n<\/div>\n<div class=\"row\"  id=\"row-253433257\">\n\n\t<div id=\"col-1814191744\" class=\"col medium-4 small-12 large-4\"  >\n\t\t\t\t<div class=\"col-inner\"  >\n\t\t\t\n\t\t\t\n\t<div class=\"img has-hover x md-x lg-x y md-y lg-y\" id=\"image_1978330741\">\n\t\t\t\t\t\t\t\t<div class=\"img-inner dark\" >\n\t\t\t<img loading=\"lazy\" decoding=\"async\" width=\"711\" height=\"400\" src=\"https:\/\/thomaybomhcm.com\/wp-content\/uploads\/2024\/05\/Dich-vu-sua-chua-voi-hoa-sen-tai-Ha-Noi.jpg\" class=\"attachment-large size-large\" alt=\"D\u1ecbch v\u1ee5 s\u1eeda ch\u1eefa v\u00f2i hoa sen t\u1ea1i H\u00e0 N\u1ed9i\" srcset=\"https:\/\/thomaybomhcm.com\/wp-content\/uploads\/2024\/05\/Dich-vu-sua-chua-voi-hoa-sen-tai-Ha-Noi.jpg 711w, https:\/\/thomaybomhcm.com\/wp-content\/uploads\/2024\/05\/Dich-vu-sua-chua-voi-hoa-sen-tai-Ha-Noi-300x169.jpg 300w\" sizes=\"auto, (max-width: 711px) 100vw, 711px\" title=\"\">\t\t\t\t\t\t\n\t\t\t\t\t<\/div>\n\t\t\t\t\t\t\t\t\n<style>\n#image_1978330741 {\n  width: 100%;\n}\n<\/style>\n\t<\/div>\n\t\n\t\t<\/div>\n\t\t\t\t\t<\/div>\n\n\t\n\n\t<div id=\"col-758061510\" class=\"col medium-4 small-12 large-4\"  >\n\t\t\t\t<div class=\"col-inner\"  >\n\t\t\t\n\t\t\t\n\t<div class=\"img has-hover x md-x lg-x y md-y lg-y\" id=\"image_1087537771\">\n\t\t\t\t\t\t\t\t<div class=\"img-inner image-cover dark\" style=\"padding-top:50%;\">\n\t\t\t<img loading=\"lazy\" decoding=\"async\" width=\"1000\" height=\"701\" src=\"https:\/\/thomaybomhcm.com\/wp-content\/uploads\/2024\/05\/Dich-vu-sua-duong-ong-nuoc-tai-Tho-sua-chua-Ha-Noi-1.jpg\" class=\"attachment-large size-large\" alt=\"D\u1ecbch v\u1ee5 s\u1eeda \u1ed1ng n\u01b0\u1edbc gi\u00e1 r\u1ebb uy t\u00edn - Hotline: 0906.379.340\" srcset=\"https:\/\/thomaybomhcm.com\/wp-content\/uploads\/2024\/05\/Dich-vu-sua-duong-ong-nuoc-tai-Tho-sua-chua-Ha-Noi-1.jpg 1000w, https:\/\/thomaybomhcm.com\/wp-content\/uploads\/2024\/05\/Dich-vu-sua-duong-ong-nuoc-tai-Tho-sua-chua-Ha-Noi-1-300x210.jpg 300w, https:\/\/thomaybomhcm.com\/wp-content\/uploads\/2024\/05\/Dich-vu-sua-duong-ong-nuoc-tai-Tho-sua-chua-Ha-Noi-1-768x538.jpg 768w\" sizes=\"auto, (max-width: 1000px) 100vw, 1000px\" title=\"\">\t\t\t\t\t\t\n\t\t\t\t\t<\/div>\n\t\t\t\t\t\t\t\t\n<style>\n#image_1087537771 {\n  width: 100%;\n}\n<\/style>\n\t<\/div>\n\t\n\t\t<\/div>\n\t\t\t\t\t<\/div>\n\n\t\n\n\t<div id=\"col-496508332\" class=\"col medium-4 small-12 large-4\"  >\n\t\t\t\t<div class=\"col-inner\"  >\n\t\t\t\n\t\t\t\n\t<div class=\"img has-hover x md-x lg-x y md-y lg-y\" id=\"image_1681765744\">\n\t\t\t\t\t\t\t\t<div class=\"img-inner dark\" >\n\t\t\t<img loading=\"lazy\" decoding=\"async\" width=\"297\" height=\"170\" src=\"https:\/\/thomaybomhcm.com\/wp-content\/uploads\/2024\/12\/tai-xuong-2.jpg\" class=\"attachment-large size-large\" alt=\"\" title=\"\">\t\t\t\t\t\t\n\t\t\t\t\t<\/div>\n\t\t\t\t\t\t\t\t\n<style>\n#image_1681765744 {\n  width: 100%;\n}\n<\/style>\n\t<\/div>\n\t\n\t\t<\/div>\n\t\t\t\t\t<\/div>\n\n\t\n<\/div>\n<div class=\"row row-large\"  id=\"row-530572173\">\n\n<style>\n#row-530572173 > .col > .col-inner {\n  padding: 10px 10px 10px 10px;\n}\n@media (min-width:550px) {\n  #row-530572173 > .col > .col-inner {\n    padding: 20px 20px 20px 20px;\n  }\n}\n<\/style>\n<\/div>\n\t\t<\/div>\n\n\t\t\n<style>\n#section_470853762 {\n  padding-top: 30px;\n  padding-bottom: 30px;\n}\n#section_470853762 .ux-shape-divider--top svg {\n  height: 150px;\n  --divider-top-width: 100%;\n}\n#section_470853762 .ux-shape-divider--bottom svg {\n  height: 150px;\n  --divider-width: 100%;\n}\n<\/style>\n\t<\/section>\n\t\n\t\t<\/div>\n\t\t\t\t\n<style>\n#col-782099890 > .col-inner {\n  margin: 0px 0px 50px 0px;\n}\n<\/style>\n\t<\/div>\n\n\t\n<\/div>\n","protected":false},"excerpt":{"rendered":"","protected":false},"author":1,"featured_media":4830,"parent":0,"menu_order":0,"comment_status":"closed","ping_status":"closed","template":"page-blank.php","meta":{"footnotes":""},"class_list":["post-31","page","type-page","status-publish","has-post-thumbnail","hentry"],"_links":{"self":[{"href":"https:\/\/thomaybomhcm.com\/index.php?rest_route=\/wp\/v2\/pages\/31","targetHints":{"allow":["GET"]}}],"collection":[{"href":"https:\/\/thomaybomhcm.com\/index.php?rest_route=\/wp\/v2\/pages"}],"about":[{"href":"https:\/\/thomaybomhcm.com\/index.php?rest_route=\/wp\/v2\/types\/page"}],"author":[{"embeddable":true,"href":"https:\/\/thomaybomhcm.com\/index.php?rest_route=\/wp\/v2\/users\/1"}],"replies":[{"embeddable":true,"href":"https:\/\/thomaybomhcm.com\/index.php?rest_route=%2Fwp%2Fv2%2Fcomments&post=31"}],"version-history":[{"count":54,"href":"https:\/\/thomaybomhcm.com\/index.php?rest_route=\/wp\/v2\/pages\/31\/revisions"}],"predecessor-version":[{"id":6505,"href":"https:\/\/thomaybomhcm.com\/index.php?rest_route=\/wp\/v2\/pages\/31\/revisions\/6505"}],"wp:featuredmedia":[{"embeddable":true,"href":"https:\/\/thomaybomhcm.com\/index.php?rest_route=\/wp\/v2\/media\/4830"}],"wp:attachment":[{"href":"https:\/\/thomaybomhcm.com\/index.php?rest_route=%2Fwp%2Fv2%2Fmedia&parent=31"}],"curies":[{"name":"wp","href":"https:\/\/api.w.org\/{rel}","templated":true}]}}